{"id":17,"date":"2018-01-07T20:55:25","date_gmt":"2018-01-07T19:55:25","guid":{"rendered":"https:\/\/welzhofer-haustechnik.de\/?page_id=17"},"modified":"2018-01-07T20:55:25","modified_gmt":"2018-01-07T19:55:25","slug":"kontakt","status":"publish","type":"page","link":"https:\/\/welzhofer-haustechnik.de\/?page_id=17","title":{"rendered":"Kontakt"},"content":{"rendered":"\n<p><strong>Adresse:<br><\/strong> Andreas Welzhofer<br> F\u00fcrther Stra\u00dfe 6<br> 90574 Ro\u00dftal<\/p>\n\n\n\n<p><strong>Kontakt:<\/strong><br> Telefon: 09127 902544<br> E-Mail:<a href=\"mailto:info@welzhofer-haustechnik.de\">\u00a0info@welzhofer-haustechnik.de<\/a><\/p>\n","protected":false},"excerpt":{"rendered":"<p>Adresse: Andreas Welzhofer F\u00fcrther Stra\u00dfe 6 90574 Ro\u00dftal Kontakt: Telefon: 09127 902544 E-Mail:\u00a0info@welzhofer-haustechnik.de<\/p>\n","protected":false},"author":1,"featured_media":0,"parent":0,"menu_order":0,"comment_status":"closed","ping_status":"closed","template":"custom-templates\/contact.php","meta":{"footnotes":""},"class_list":["post-17","page","type-page","status-publish","hentry"],"_links":{"self":[{"href":"https:\/\/welzhofer-haustechnik.de\/index.php?rest_route=\/wp\/v2\/pages\/17","targetHints":{"allow":["GET"]}}],"collection":[{"href":"https:\/\/welzhofer-haustechnik.de\/index.php?rest_route=\/wp\/v2\/pages"}],"about":[{"href":"https:\/\/welzhofer-haustechnik.de\/index.php?rest_route=\/wp\/v2\/types\/page"}],"author":[{"embeddable":true,"href":"https:\/\/welzhofer-haustechnik.de\/index.php?rest_route=\/wp\/v2\/users\/1"}],"replies":[{"embeddable":true,"href":"https:\/\/welzhofer-haustechnik.de\/index.php?rest_route=%2Fwp%2Fv2%2Fcomments&post=17"}],"version-history":[{"count":0,"href":"https:\/\/welzhofer-haustechnik.de\/index.php?rest_route=\/wp\/v2\/pages\/17\/revisions"}],"wp:attachment":[{"href":"https:\/\/welzhofer-haustechnik.de\/index.php?rest_route=%2Fwp%2Fv2%2Fmedia&parent=17"}],"curies":[{"name":"wp","href":"https:\/\/api.w.org\/{rel}","templated":true}]}}