{"id":205,"date":"2022-11-08T08:05:10","date_gmt":"2022-11-08T07:05:10","guid":{"rendered":"https:\/\/welzhofer-haustechnik.de\/?page_id=205"},"modified":"2026-03-15T23:08:33","modified_gmt":"2026-03-15T22:08:33","slug":"kaelte-und-klimatechnik","status":"publish","type":"page","link":"https:\/\/welzhofer-haustechnik.de\/?page_id=205","title":{"rendered":"K\u00e4lte- und Klimatechnik"},"content":{"rendered":"\n<figure class=\"wp-block-image size-full\"><img loading=\"lazy\" decoding=\"async\" width=\"1024\" height=\"678\" src=\"https:\/\/welzhofer-haustechnik.de\/wp-content\/uploads\/2018\/02\/machine-climatisation-2335620_1920-1024x678.jpg\" alt=\"\" class=\"wp-image-349\" srcset=\"https:\/\/welzhofer-haustechnik.de\/wp-content\/uploads\/2018\/02\/machine-climatisation-2335620_1920-1024x678.jpg 1024w, https:\/\/welzhofer-haustechnik.de\/wp-content\/uploads\/2018\/02\/machine-climatisation-2335620_1920-1024x678-300x199.jpg 300w, https:\/\/welzhofer-haustechnik.de\/wp-content\/uploads\/2018\/02\/machine-climatisation-2335620_1920-1024x678-768x509.jpg 768w\" sizes=\"auto, (max-width: 1024px) 100vw, 1024px\" \/><\/figure>\n\n\n\n<p>Wir realisieren Klimaanlagen, K\u00e4lteanlagen und k\u00fcmmern uns um die Wartung von Klima- und K\u00fchlanlagen.<\/p>\n","protected":false},"excerpt":{"rendered":"<p>Wir realisieren Klimaanlagen, K\u00e4lteanlagen und k\u00fcmmern uns um die Wartung von Klima- und K\u00fchlanlagen.<\/p>\n","protected":false},"author":1,"featured_media":0,"parent":0,"menu_order":0,"comment_status":"closed","ping_status":"closed","template":"","meta":{"footnotes":""},"class_list":["post-205","page","type-page","status-publish","hentry"],"_links":{"self":[{"href":"https:\/\/welzhofer-haustechnik.de\/index.php?rest_route=\/wp\/v2\/pages\/205","targetHints":{"allow":["GET"]}}],"collection":[{"href":"https:\/\/welzhofer-haustechnik.de\/index.php?rest_route=\/wp\/v2\/pages"}],"about":[{"href":"https:\/\/welzhofer-haustechnik.de\/index.php?rest_route=\/wp\/v2\/types\/page"}],"author":[{"embeddable":true,"href":"https:\/\/welzhofer-haustechnik.de\/index.php?rest_route=\/wp\/v2\/users\/1"}],"replies":[{"embeddable":true,"href":"https:\/\/welzhofer-haustechnik.de\/index.php?rest_route=%2Fwp%2Fv2%2Fcomments&post=205"}],"version-history":[{"count":1,"href":"https:\/\/welzhofer-haustechnik.de\/index.php?rest_route=\/wp\/v2\/pages\/205\/revisions"}],"predecessor-version":[{"id":893,"href":"https:\/\/welzhofer-haustechnik.de\/index.php?rest_route=\/wp\/v2\/pages\/205\/revisions\/893"}],"wp:attachment":[{"href":"https:\/\/welzhofer-haustechnik.de\/index.php?rest_route=%2Fwp%2Fv2%2Fmedia&parent=205"}],"curies":[{"name":"wp","href":"https:\/\/api.w.org\/{rel}","templated":true}]}}