{"id":29,"date":"2018-01-07T20:57:51","date_gmt":"2018-01-07T19:57:51","guid":{"rendered":"https:\/\/welzhofer-haustechnik.de\/?page_id=29"},"modified":"2026-03-30T11:16:54","modified_gmt":"2026-03-30T09:16:54","slug":"wasser","status":"publish","type":"page","link":"https:\/\/welzhofer-haustechnik.de\/?page_id=29","title":{"rendered":"Wasser"},"content":{"rendered":"\n<p>Kein warmes Wasser?&nbsp;Wir schaffen Abhilfe!<\/p>\n\n\n\n<p>Wir entkalken Warmwasserbereiter und Rohrleitungen in allen Gr\u00f6\u00dfen und bieten&nbsp;Wasserentkalkungsanlagen aller Art und Gr\u00f6\u00dfe inkl. Montage.<\/p>\n\n\n\n<p>Die Fu\u00dfbodenheizung wird nicht warm? Wir reinigen professionell ihre Fu\u00dfbodenheizung um wieder angenehm W\u00e4rme zu schaffen und Energie zu sparen.<\/p>\n","protected":false},"excerpt":{"rendered":"<p>Kein warmes Wasser?&nbsp;Wir schaffen Abhilfe! Wir entkalken Warmwasserbereiter und Rohrleitungen in allen Gr\u00f6\u00dfen und bieten&nbsp;Wasserentkalkungsanlagen aller Art und Gr\u00f6\u00dfe inkl. Montage. Die Fu\u00dfbodenheizung wird nicht warm? Wir reinigen professionell ihre Fu\u00dfbodenheizung um wieder angenehm W\u00e4rme zu schaffen und Energie zu sparen.<\/p>\n","protected":false},"author":1,"featured_media":151,"parent":0,"menu_order":0,"comment_status":"closed","ping_status":"closed","template":"","meta":{"footnotes":""},"class_list":["post-29","page","type-page","status-publish","has-post-thumbnail","hentry"],"_links":{"self":[{"href":"https:\/\/welzhofer-haustechnik.de\/index.php?rest_route=\/wp\/v2\/pages\/29","targetHints":{"allow":["GET"]}}],"collection":[{"href":"https:\/\/welzhofer-haustechnik.de\/index.php?rest_route=\/wp\/v2\/pages"}],"about":[{"href":"https:\/\/welzhofer-haustechnik.de\/index.php?rest_route=\/wp\/v2\/types\/page"}],"author":[{"embeddable":true,"href":"https:\/\/welzhofer-haustechnik.de\/index.php?rest_route=\/wp\/v2\/users\/1"}],"replies":[{"embeddable":true,"href":"https:\/\/welzhofer-haustechnik.de\/index.php?rest_route=%2Fwp%2Fv2%2Fcomments&post=29"}],"version-history":[{"count":2,"href":"https:\/\/welzhofer-haustechnik.de\/index.php?rest_route=\/wp\/v2\/pages\/29\/revisions"}],"predecessor-version":[{"id":921,"href":"https:\/\/welzhofer-haustechnik.de\/index.php?rest_route=\/wp\/v2\/pages\/29\/revisions\/921"}],"wp:featuredmedia":[{"embeddable":true,"href":"https:\/\/welzhofer-haustechnik.de\/index.php?rest_route=\/"}],"wp:attachment":[{"href":"https:\/\/welzhofer-haustechnik.de\/index.php?rest_route=%2Fwp%2Fv2%2Fmedia&parent=29"}],"curies":[{"name":"wp","href":"https:\/\/api.w.org\/{rel}","templated":true}]}}