{"id":31,"date":"2018-01-07T20:57:51","date_gmt":"2018-01-07T19:57:51","guid":{"rendered":"https:\/\/welzhofer-haustechnik.de\/?page_id=31"},"modified":"2026-03-30T11:17:37","modified_gmt":"2026-03-30T09:17:37","slug":"kundendienst","status":"publish","type":"page","link":"https:\/\/welzhofer-haustechnik.de\/?page_id=31","title":{"rendered":"Kundendienst"},"content":{"rendered":"\n<figure class=\"wp-block-image size-large\"><img decoding=\"async\" src=\"https:\/\/welzhofer-haustechnik.de\/wp-content\/uploads\/2018\/03\/pumpe1-1024x512.jpeg\" alt=\"\"\/><\/figure>\n\n\n\n<p>Service ist unsere St\u00e4rke. Wir bieten Service in Perfektion. Spezialisiert auf industrielle K\u00e4lte-, L\u00fcftungs- und Heizungsanlagen aller Art von 1 kW bis 5000 kW Leistung.<\/p>\n\n\n\n<p>Wir halten Ihre Anlage in Schuss! Und wenn Sie doch mal steht, stehen wir schnell zur Seite.<\/p>\n","protected":false},"excerpt":{"rendered":"<p>Service ist unsere St\u00e4rke. Wir bieten Service in Perfektion. Spezialisiert auf industrielle K\u00e4lte-, L\u00fcftungs- und Heizungsanlagen aller Art von 1 kW bis 5000 kW Leistung. Wir halten Ihre Anlage in Schuss! Und wenn Sie doch mal steht, stehen wir schnell zur Seite.<\/p>\n","protected":false},"author":1,"featured_media":145,"parent":0,"menu_order":0,"comment_status":"closed","ping_status":"closed","template":"","meta":{"footnotes":""},"class_list":["post-31","page","type-page","status-publish","has-post-thumbnail","hentry"],"_links":{"self":[{"href":"https:\/\/welzhofer-haustechnik.de\/index.php?rest_route=\/wp\/v2\/pages\/31","targetHints":{"allow":["GET"]}}],"collection":[{"href":"https:\/\/welzhofer-haustechnik.de\/index.php?rest_route=\/wp\/v2\/pages"}],"about":[{"href":"https:\/\/welzhofer-haustechnik.de\/index.php?rest_route=\/wp\/v2\/types\/page"}],"author":[{"embeddable":true,"href":"https:\/\/welzhofer-haustechnik.de\/index.php?rest_route=\/wp\/v2\/users\/1"}],"replies":[{"embeddable":true,"href":"https:\/\/welzhofer-haustechnik.de\/index.php?rest_route=%2Fwp%2Fv2%2Fcomments&post=31"}],"version-history":[{"count":3,"href":"https:\/\/welzhofer-haustechnik.de\/index.php?rest_route=\/wp\/v2\/pages\/31\/revisions"}],"predecessor-version":[{"id":923,"href":"https:\/\/welzhofer-haustechnik.de\/index.php?rest_route=\/wp\/v2\/pages\/31\/revisions\/923"}],"wp:featuredmedia":[{"embeddable":true,"href":"https:\/\/welzhofer-haustechnik.de\/index.php?rest_route=\/"}],"wp:attachment":[{"href":"https:\/\/welzhofer-haustechnik.de\/index.php?rest_route=%2Fwp%2Fv2%2Fmedia&parent=31"}],"curies":[{"name":"wp","href":"https:\/\/api.w.org\/{rel}","templated":true}]}}